{"id":13,"date":"2024-07-18T22:31:51","date_gmt":"2024-07-19T01:31:51","guid":{"rendered":"https:\/\/angelodeoliveira.com\/pizzapartynh\/?page_id=13"},"modified":"2024-07-19T01:22:54","modified_gmt":"2024-07-19T04:22:54","slug":"cardapio","status":"publish","type":"page","link":"https:\/\/angelodeoliveira.com\/pizzapartynh\/cardapio\/","title":{"rendered":"Card\u00e1pio"},"content":{"rendered":"\t\t<div data-elementor-type=\"wp-page\" data-elementor-id=\"13\" class=\"elementor elementor-13\" data-elementor-post-type=\"page\">\n\t\t\t\t<div class=\"elementor-element elementor-element-5448707 e-flex e-con-boxed e-con e-parent\" data-id=\"5448707\" data-element_type=\"container\" data-e-type=\"container\" data-settings=\"{&quot;background_background&quot;:&quot;gradient&quot;}\">\n\t\t\t\t\t<div class=\"e-con-inner\">\n\t\t\t\t<div class=\"elementor-element elementor-element-64f7911 elementor-widget elementor-widget-heading\" data-id=\"64f7911\" data-element_type=\"widget\" data-e-type=\"widget\" data-widget_type=\"heading.default\">\n\t\t\t\t<div class=\"elementor-widget-container\">\n\t\t\t\t\t<p class=\"elementor-heading-title elementor-size-default\">#Pe\u00e7aAgora<\/p>\t\t\t\t<\/div>\n\t\t\t\t<\/div>\n\t\t\t\t<div class=\"elementor-element elementor-element-7ade0d5 elementor-widget elementor-widget-heading\" data-id=\"7ade0d5\" data-element_type=\"widget\" data-e-type=\"widget\" data-widget_type=\"heading.default\">\n\t\t\t\t<div class=\"elementor-widget-container\">\n\t\t\t\t\t<h2 class=\"elementor-heading-title elementor-size-default\">Clique no bot\u00e3o e veja o card\u00e1pio<\/h2>\t\t\t\t<\/div>\n\t\t\t\t<\/div>\n\t\t\t\t<div class=\"elementor-element elementor-element-a3876f5 elementor-align-center elementor-widget elementor-widget-glf_elementor_widget_ordering\" data-id=\"a3876f5\" data-element_type=\"widget\" data-e-type=\"widget\" data-widget_type=\"glf_elementor_widget_ordering.default\">\n\t\t\t\t<div class=\"elementor-widget-container\">\n\t\t\t\t\t            <div class=\"elementor-button-wrapper\">\n\t\t\t<a class=\"elementor-button elementor-glf-button elementor-size-lg\" role=\"button\" data-glf-cuid=\"\"  >\n                                 <span class=\"elementor-button-content-wrapper\">\n\t\t\t\t\t\t<span class=\"elementor-button-text\">Ver Card\u00e1pio<\/span>\n\t\t<\/span>\n                                            <script src=\"https:\/\/www.fbgcdn.com\/embedder\/js\/ewm2.js\" defer async><\/script>\n\t\t\t<\/a>\n\t\t<\/div>\n            \t\t\t\t<\/div>\n\t\t\t\t<\/div>\n\t\t\t\t\t<\/div>\n\t\t\t\t<\/div>\n\t\t\t\t<\/div>\n\t\t","protected":false},"excerpt":{"rendered":"<p>#Pe\u00e7aAgora Clique no bot\u00e3o e veja o card\u00e1pio Ver Card\u00e1pio<\/p>\n","protected":false},"author":1,"featured_media":0,"parent":0,"menu_order":0,"comment_status":"closed","ping_status":"closed","template":"elementor_header_footer","meta":{"_joinchat":[],"footnotes":""},"class_list":["post-13","page","type-page","status-publish","hentry"],"_links":{"self":[{"href":"https:\/\/angelodeoliveira.com\/pizzapartynh\/wp-json\/wp\/v2\/pages\/13","targetHints":{"allow":["GET"]}}],"collection":[{"href":"https:\/\/angelodeoliveira.com\/pizzapartynh\/wp-json\/wp\/v2\/pages"}],"about":[{"href":"https:\/\/angelodeoliveira.com\/pizzapartynh\/wp-json\/wp\/v2\/types\/page"}],"author":[{"embeddable":true,"href":"https:\/\/angelodeoliveira.com\/pizzapartynh\/wp-json\/wp\/v2\/users\/1"}],"replies":[{"embeddable":true,"href":"https:\/\/angelodeoliveira.com\/pizzapartynh\/wp-json\/wp\/v2\/comments?post=13"}],"version-history":[{"count":4,"href":"https:\/\/angelodeoliveira.com\/pizzapartynh\/wp-json\/wp\/v2\/pages\/13\/revisions"}],"predecessor-version":[{"id":89,"href":"https:\/\/angelodeoliveira.com\/pizzapartynh\/wp-json\/wp\/v2\/pages\/13\/revisions\/89"}],"wp:attachment":[{"href":"https:\/\/angelodeoliveira.com\/pizzapartynh\/wp-json\/wp\/v2\/media?parent=13"}],"curies":[{"name":"wp","href":"https:\/\/api.w.org\/{rel}","templated":true}]}}